{"id":1097,"date":"2016-02-15T09:45:17","date_gmt":"2016-02-15T07:45:17","guid":{"rendered":"http:\/\/gmsrhen.bplaced.net\/?page_id=1097"},"modified":"2026-03-30T21:39:45","modified_gmt":"2026-03-30T19:39:45","slug":"anmeldung","status":"publish","type":"page","link":"https:\/\/www.gmsrhen.de\/?page_id=1097","title":{"rendered":"Anmeldung"},"content":{"rendered":"\n<p>Die Anmeldezeiten f\u00fcr die Sch\u00fclerinnen und Sch\u00fcler der neuen 5. Klassen entnehmen Sie bitte der Terminseite oder dem PDF&nbsp;<\/p>\n\n\n\n<div data-wp-interactive=\"core\/file\" class=\"wp-block-file\"><object data-wp-bind--hidden=\"!state.hasPdfPreview\" hidden class=\"wp-block-file__embed\" data=\"https:\/\/www.gmsrhen.de\/wp-content\/uploads\/2026\/02\/2026_02_-Anmeldezeiten_-A4-Masernschutz.pdf\" type=\"application\/pdf\" style=\"width:100%;height:600px\" aria-label=\"Einbettung von 2026_02_ Anmeldezeiten_ A4 + Masernschutz.\"><\/object><a id=\"wp-block-file--media-cddddfd8-8de1-47a8-8cf9-71072d6357c6\" href=\"https:\/\/www.gmsrhen.de\/wp-content\/uploads\/2026\/02\/2026_02_-Anmeldezeiten_-A4-Masernschutz.pdf\">2026_02_ Anmeldezeiten_ A4 + Masernschutz<\/a><a href=\"https:\/\/www.gmsrhen.de\/wp-content\/uploads\/2026\/02\/2026_02_-Anmeldezeiten_-A4-Masernschutz.pdf\" class=\"wp-block-file__button wp-element-button\" download aria-describedby=\"wp-block-file--media-cddddfd8-8de1-47a8-8cf9-71072d6357c6\">Herunterladen<\/a><\/div>\n\n\n<p>Unseren schuleigenen <a href=\"https:\/\/www.gmsrhen.de\/wp-content\/uploads\/2015\/02\/Sch\u00fcleraufnahmebogen.pdf\">Sch\u00fcleraufnahmebogen<\/a> finden Sie auch unter dem Link <a title=\"Downloads\" href=\"https:\/\/www.gmsrhen.de\/?page_id=831\"><b><i>Downloads<\/i><\/b><\/a><i>.<\/i><\/p>\n<p>Die <a href=\"https:\/\/www.gmsrhen.de\/wp-content\/uploads\/2026\/03\/Aufnahmekriterien_GMS_Rhen_20240109.pdf\">Aufnahmekriterien<\/a> werden immer dann angewendet, wenn die Gemeinschaftsschule Rhen nicht \u00fcber ausreichende Aufnahmekapazit\u00e4ten verf\u00fcgt.<\/p>\n<p><i>Bitte bringen Sie zur Anmeldung ebenfalls folgende Unterlagen mit<\/i><\/p>\n<p><i>&#8211; den Anmeldeschein &#8211; SEK I (Diesen Schein erhalten Sie von der Grundschule.)<\/i><\/p>\n<p><em>&#8211; Entwicklungsbericht\/ Schul\u00fcbergangsempfehlung sowie der Lernplan der GS<\/em><br \/><em>\u00a0\u00a0 (falls erstellt) zum \u00dcbergang an weiterf\u00fchrende Schulen<\/em><\/p>\n<p>&#8211; <em>Sch\u00fcleraufnahmebogen<\/em>\/Antrag auf Schulaufnahme (Link Downloads auf unserer Homepage)<\/p>\n<p><i>&#8211; <\/i><i>die Geburtsurkunde des Kindes &#8211; Original zur Einsicht und Kopie<br \/><\/i><\/p>\n<p><i>&#8211; ggf. die Sorgerechtsbescheinigung &#8211; Original zur Einsicht und Kopie<br \/><\/i><\/p>\n<p><i>&#8211; ggf. die Einverst\u00e4ndniserkl\u00e4rung des zweiten Sorgeberechtigten<\/i><\/p>\n<p><i>&#8211; das letzte Zeugnis (4. Klasse, 1. Halbjahr) <i>&#8211; Original zur Einsicht und Kopie<\/i><\/i><\/p>\n<p><i>&#8211; ein Passfoto des Kindes<\/i><\/p>\n<p>&#8211; <em>ein Schwimmabzeichen &#8211; <i>Original zur Einsicht und Kopie<\/i><br \/><\/em><\/p>\n<p>&#8211; Wir sind laut Masernschutzgesetz verpflichtet den Masernschutz der Sch\u00fclerinnen und Sch\u00fcler zu \u00fcberpr\u00fcfen. Bitte bringen Sie zur Schulanmeldung Ihres Kindes einen <b>Nachweis<\/b> mit, dass bei Ihrem Kind <b><span style=\"text-decoration: underline;\">Masernschutz besteht.<\/span><\/b><\/p>\n\n\n<p><br><\/p>\n","protected":false},"excerpt":{"rendered":"<p>Die Anmeldezeiten f\u00fcr die Sch\u00fclerinnen und Sch\u00fcler der neuen 5. Klassen entnehmen Sie bitte der Terminseite oder dem PDF&nbsp; Unseren schuleigenen Sch\u00fcleraufnahmebogen finden Sie auch unter dem Link Downloads. Die Aufnahmekriterien werden immer dann angewendet, wenn die Gemeinschaftsschule Rhen nicht \u00fcber ausreichende Aufnahmekapazit\u00e4ten verf\u00fcgt. Bitte bringen Sie zur Anmeldung ebenfalls folgende Unterlagen mit &#8211; den [&hellip;]<\/p>\n","protected":false},"author":1,"featured_media":0,"parent":0,"menu_order":0,"comment_status":"closed","ping_status":"closed","template":"","meta":{"footnotes":""},"class_list":["post-1097","page","type-page","status-publish","hentry"],"_links":{"self":[{"href":"https:\/\/www.gmsrhen.de\/index.php?rest_route=\/wp\/v2\/pages\/1097","targetHints":{"allow":["GET"]}}],"collection":[{"href":"https:\/\/www.gmsrhen.de\/index.php?rest_route=\/wp\/v2\/pages"}],"about":[{"href":"https:\/\/www.gmsrhen.de\/index.php?rest_route=\/wp\/v2\/types\/page"}],"author":[{"embeddable":true,"href":"https:\/\/www.gmsrhen.de\/index.php?rest_route=\/wp\/v2\/users\/1"}],"replies":[{"embeddable":true,"href":"https:\/\/www.gmsrhen.de\/index.php?rest_route=%2Fwp%2Fv2%2Fcomments&post=1097"}],"version-history":[{"count":50,"href":"https:\/\/www.gmsrhen.de\/index.php?rest_route=\/wp\/v2\/pages\/1097\/revisions"}],"predecessor-version":[{"id":3125,"href":"https:\/\/www.gmsrhen.de\/index.php?rest_route=\/wp\/v2\/pages\/1097\/revisions\/3125"}],"wp:attachment":[{"href":"https:\/\/www.gmsrhen.de\/index.php?rest_route=%2Fwp%2Fv2%2Fmedia&parent=1097"}],"curies":[{"name":"wp","href":"https:\/\/api.w.org\/{rel}","templated":true}]}}