{"id":1167,"date":"2016-04-20T07:11:07","date_gmt":"2016-04-20T05:11:07","guid":{"rendered":"http:\/\/gmsrhen.bplaced.net\/?page_id=1167"},"modified":"2026-01-09T10:09:00","modified_gmt":"2026-01-09T09:09:00","slug":"schulsozialarbeit","status":"publish","type":"page","link":"https:\/\/www.gmsrhen.de\/?page_id=1167","title":{"rendered":"Schulsozialarbeit"},"content":{"rendered":"\n<p>Mein Name ist Carolin Biehl und ich bin seit dem 1.12.25 als Schulsozialarbeiterin neu an der Gemeinschaftsschule Rhen t\u00e4tig. Ich begleite Kinder und Jugendliche in ihrem Schulalltag und bin Ansprechpartnerin f\u00fcr Sch\u00fclerinnen und Sch\u00fcler, Eltern sowie Lehrkr\u00e4fte.<\/p>\n\n\n\n<p>Schule ist mehr als ein Ort des Lernens. Sie ist Lebensraum, Begegnungsort, pr\u00e4gt Kinder und Jugendliche in ihrer pers\u00f6nlichen Entwicklung. Sch\u00fclerinnen und Sch\u00fcler bringen dabei ganz unterschiedliche Erfahrungen, Sorgen und St\u00e4rken mit. Die Schulsozialarbeit unterst\u00fctzt sie dabei, Herausforderungen zu bew\u00e4ltigen und ihren Schulalltag positiv zu gestalten.<\/p>\n\n\n\n<p>Gemeinsam suchen wir nach L\u00f6sungen, f\u00f6rdern soziale Kompetenzen und st\u00e4rken ein respektvolles Miteinander an der Schule.<\/p>\n\n\n\n<p>Mein Angebot ist freiwillig, niedrigschwellig und vertraulich. Die Schweigepflicht ist selbstverst\u00e4ndlich.<\/p>\n\n\n\n<hr class=\"wp-block-separator has-alpha-channel-opacity\"\/>\n\n\n\n<p><strong>Aufgaben und Angebote<\/strong><\/p>\n\n\n\n<p>Die Schulsozialarbeit ist Teil der Kinder- und Jugendhilfe und erg\u00e4nzt den schulischen Bildungsauftrag durch sozialp\u00e4dagogische Unterst\u00fctzung. Sie orientiert sich an den individuellen Lebenslagen junger Menschen und st\u00e4rkt den sozialen Raum Schule.<\/p>\n\n\n\n<p>Zu meinen Angeboten geh\u00f6ren:<\/p>\n\n\n\n<ul class=\"wp-block-list\">\n<li>Beratung und Begleitung von Sch\u00fclerinnen und Sch\u00fclern bei schulischen, pers\u00f6nlichen oder sozialen Anliegen sowie Unterst\u00fctzung in herausfordernden Lebenssituationen<\/li>\n\n\n\n<li>Hilfe bei Konflikten, Streit oder Mobbing und F\u00f6rderung eines konstruktiven und respektvollen Umgangs miteinander<\/li>\n\n\n\n<li>Beratung und Unterst\u00fctzung von Eltern und Lehrkr\u00e4ften bei sozialp\u00e4dagogischen Fragestellungen sowie Zusammenarbeit mit externen Beratungsstellen<\/li>\n\n\n\n<li>Klassenangebote zu sozialem Lernen, zur St\u00e4rkung der Klassengemeinschaft, zur Konfliktl\u00f6sung und zum gegenseitigen Respekt \u2013 in Kooperation mit den Lehrkr\u00e4ften<\/li>\n<\/ul>\n\n\n\n<hr class=\"wp-block-separator has-alpha-channel-opacity\"\/>\n\n\n\n<p><strong>Meine Haltung<\/strong><\/p>\n\n\n\n<p>Meine Arbeit basiert auf Vertrauen, Wertsch\u00e4tzung und Offenheit. Ich begegne allen Beteiligten auf Augenh\u00f6he und arbeite ressourcenorientiert. Ziel ist es, Kinder und Jugendliche in ihrer Selbstst\u00e4ndigkeit zu st\u00e4rken und ihnen einen sicheren Raum zu bieten, in dem sie sich geh\u00f6rt f\u00fchlen und sich entfalten k\u00f6nnen.<\/p>\n\n\n\n<p><strong>Kontakt<\/strong><\/p>\n\n\n\n<p>Carolin Biehl;&nbsp; &nbsp;&nbsp;&nbsp;&nbsp;&nbsp;&nbsp;&nbsp;&nbsp;&nbsp;&nbsp;&nbsp;&nbsp;&nbsp; Sozialp\u00e4dagogin (B.A. Soziale Arbeit)&nbsp;&nbsp;&nbsp;&nbsp;&nbsp;&nbsp;&nbsp;&nbsp;&nbsp;&nbsp;&nbsp;&nbsp;&nbsp;<\/p>\n\n\n\n<p>Telefonnummer: \u00a0\u00a0\u00a0\u00a0\u00a0\u00a0\u00a0\u00a0  04193 \/ 7608086<\/p>\n\n\n\n<p>E-Mailadresse: &nbsp;&nbsp;&nbsp;&nbsp;&nbsp;&nbsp;&nbsp;&nbsp;&nbsp;&nbsp;&nbsp;&nbsp; Carolin-Sophie.Biehl@schule.landsh.de<\/p>\n\n\n\n<p>Uhrzeiten: &nbsp;&nbsp;&nbsp;&nbsp;&nbsp;&nbsp; &nbsp;&nbsp;&nbsp;&nbsp;&nbsp;&nbsp;&nbsp;&nbsp;&nbsp;&nbsp;&nbsp;&nbsp;&nbsp; Montag \u2013 Freitag 7:30 \u2013 14:30 Uhr&nbsp;&nbsp;&nbsp;<\/p>\n\n\n\n<p><\/p>\n","protected":false},"excerpt":{"rendered":"<p>Mein Name ist Carolin Biehl und ich bin seit dem 1.12.25 als Schulsozialarbeiterin neu an der Gemeinschaftsschule Rhen t\u00e4tig. Ich begleite Kinder und Jugendliche in ihrem Schulalltag und bin Ansprechpartnerin f\u00fcr Sch\u00fclerinnen und Sch\u00fcler, Eltern sowie Lehrkr\u00e4fte. Schule ist mehr als ein Ort des Lernens. Sie ist Lebensraum, Begegnungsort, pr\u00e4gt Kinder und Jugendliche in ihrer [&hellip;]<\/p>\n","protected":false},"author":1,"featured_media":0,"parent":103,"menu_order":0,"comment_status":"closed","ping_status":"closed","template":"","meta":{"footnotes":""},"class_list":["post-1167","page","type-page","status-publish","hentry"],"_links":{"self":[{"href":"https:\/\/www.gmsrhen.de\/index.php?rest_route=\/wp\/v2\/pages\/1167","targetHints":{"allow":["GET"]}}],"collection":[{"href":"https:\/\/www.gmsrhen.de\/index.php?rest_route=\/wp\/v2\/pages"}],"about":[{"href":"https:\/\/www.gmsrhen.de\/index.php?rest_route=\/wp\/v2\/types\/page"}],"author":[{"embeddable":true,"href":"https:\/\/www.gmsrhen.de\/index.php?rest_route=\/wp\/v2\/users\/1"}],"replies":[{"embeddable":true,"href":"https:\/\/www.gmsrhen.de\/index.php?rest_route=%2Fwp%2Fv2%2Fcomments&post=1167"}],"version-history":[{"count":22,"href":"https:\/\/www.gmsrhen.de\/index.php?rest_route=\/wp\/v2\/pages\/1167\/revisions"}],"predecessor-version":[{"id":3073,"href":"https:\/\/www.gmsrhen.de\/index.php?rest_route=\/wp\/v2\/pages\/1167\/revisions\/3073"}],"up":[{"embeddable":true,"href":"https:\/\/www.gmsrhen.de\/index.php?rest_route=\/wp\/v2\/pages\/103"}],"wp:attachment":[{"href":"https:\/\/www.gmsrhen.de\/index.php?rest_route=%2Fwp%2Fv2%2Fmedia&parent=1167"}],"curies":[{"name":"wp","href":"https:\/\/api.w.org\/{rel}","templated":true}]}}