{"id":14,"date":"2011-01-29T13:35:19","date_gmt":"2011-01-29T13:35:19","guid":{"rendered":"http:\/\/gmsrhen.bplaced.net\/?page_id=14"},"modified":"2024-03-13T06:41:49","modified_gmt":"2024-03-13T05:41:49","slug":"berufsorientierung","status":"publish","type":"page","link":"https:\/\/www.gmsrhen.de\/?page_id=14","title":{"rendered":"Berufsorientierung"},"content":{"rendered":"<p>Im Laufe der vergangenen Jahre wurde an unserer Schule ein Paket an berufsvorbereitenden Ma\u00dfnahmen entwickelt, die unseren Sch\u00fclerinnen und Sch\u00fclern den schwierigen Prozess der Berufswahl erleichtern sollen.<\/p>\n<p>In der Gemeinschaftsschule werden wir bereits in den Klassenstufen 5 und 6 im Rahmen des Geschichtsunterrichts berufsbezogene Themen behandeln.<\/p>\n<p>Im 8. Schuljahr erarbeiten wir im Deutschunterricht die formalen und inhaltlichen Kriterien des Bewerbungsschreibens und des Lebenslaufes. In diesen Unterrichtsstunden werden die Achtkl\u00e4ssler f\u00fcr das anstehende Betriebspraktikum sensibilisiert.<\/p>\n\n\t\t<style type=\"text\/css\">\n\t\t\t#gallery-1 {\n\t\t\t\tmargin: auto;\n\t\t\t}\n\t\t\t#gallery-1 .gallery-item {\n\t\t\t\tfloat: left;\n\t\t\t\tmargin-top: 10px;\n\t\t\t\ttext-align: center;\n\t\t\t\twidth: 33%;\n\t\t\t}\n\t\t\t#gallery-1 img {\n\t\t\t\tborder: 2px solid #cfcfcf;\n\t\t\t}\n\t\t\t#gallery-1 .gallery-caption {\n\t\t\t\tmargin-left: 0;\n\t\t\t}\n\t\t\t\/* see gallery_shortcode() in wp-includes\/media.php *\/\n\t\t<\/style>\n\t\t<div id='gallery-1' class='gallery galleryid-14 gallery-columns-3 gallery-size-thumbnail'><dl class='gallery-item'>\n\t\t\t<dt class='gallery-icon landscape'>\n\t\t\t\t<a href='https:\/\/www.gmsrhen.de\/?attachment_id=601'><img loading=\"lazy\" decoding=\"async\" width=\"150\" height=\"150\" src=\"https:\/\/www.gmsrhen.de\/wp-content\/uploads\/2011\/01\/Okt-Dez2013-061-150x150.jpg\" class=\"attachment-thumbnail size-thumbnail\" alt=\"\" \/><\/a>\n\t\t\t<\/dt><\/dl><dl class='gallery-item'>\n\t\t\t<dt class='gallery-icon landscape'>\n\t\t\t\t<a href='https:\/\/www.gmsrhen.de\/?attachment_id=600'><img loading=\"lazy\" decoding=\"async\" width=\"150\" height=\"150\" src=\"https:\/\/www.gmsrhen.de\/wp-content\/uploads\/2011\/01\/Okt-Dez2013-054-150x150.jpg\" class=\"attachment-thumbnail size-thumbnail\" alt=\"\" \/><\/a>\n\t\t\t<\/dt><\/dl><dl class='gallery-item'>\n\t\t\t<dt class='gallery-icon landscape'>\n\t\t\t\t<a href='https:\/\/www.gmsrhen.de\/?attachment_id=596'><img loading=\"lazy\" decoding=\"async\" width=\"150\" height=\"150\" src=\"https:\/\/www.gmsrhen.de\/wp-content\/uploads\/2011\/01\/Okt-Dez2013-044-150x150.jpg\" class=\"attachment-thumbnail size-thumbnail\" alt=\"\" \/><\/a>\n\t\t\t<\/dt><\/dl><br style=\"clear: both\" \/><dl class='gallery-item'>\n\t\t\t<dt class='gallery-icon portrait'>\n\t\t\t\t<a href='https:\/\/www.gmsrhen.de\/?attachment_id=595'><img loading=\"lazy\" decoding=\"async\" width=\"150\" height=\"150\" src=\"https:\/\/www.gmsrhen.de\/wp-content\/uploads\/2011\/01\/Okt-Dez2013-038-150x150.jpg\" class=\"attachment-thumbnail size-thumbnail\" alt=\"\" \/><\/a>\n\t\t\t<\/dt><\/dl><dl class='gallery-item'>\n\t\t\t<dt class='gallery-icon landscape'>\n\t\t\t\t<a href='https:\/\/www.gmsrhen.de\/?attachment_id=599'><img loading=\"lazy\" decoding=\"async\" width=\"150\" height=\"150\" src=\"https:\/\/www.gmsrhen.de\/wp-content\/uploads\/2011\/01\/Okt-Dez2013-052-150x150.jpg\" class=\"attachment-thumbnail size-thumbnail\" alt=\"\" \/><\/a>\n\t\t\t<\/dt><\/dl><dl class='gallery-item'>\n\t\t\t<dt class='gallery-icon landscape'>\n\t\t\t\t<a href='https:\/\/www.gmsrhen.de\/?attachment_id=598'><img loading=\"lazy\" decoding=\"async\" width=\"150\" height=\"150\" src=\"https:\/\/www.gmsrhen.de\/wp-content\/uploads\/2011\/01\/Okt-Dez2013-049-150x150.jpg\" class=\"attachment-thumbnail size-thumbnail\" alt=\"\" \/><\/a>\n\t\t\t<\/dt><\/dl><br style=\"clear: both\" \/>\n\t\t<\/div>\n\n<p>Ebenfalls im 8. Schuljahr nehmen wir am Berufsorientierungsprogramm (BOP) teil, das von der &#8222;Innovativen Ausbildungs- und Besch\u00e4ftigungsgesellschaft&#8220; (Inab) durchgef\u00fchrt wird. Zu diesem Programm geh\u00f6rt eine zweit\u00e4gige Potentialanalyse und eine zweiw\u00f6chige Berufsfelderprobung. Bei der Potentialanalyse werden den Sch\u00fclerinnen und Sch\u00fclern verschiedene Aufgaben gestellt, die sie im Team erarbeiten m\u00fcssen. Dabei werden Methodenkompetenz, soziale Kompetenz und personale Kompetenz beobachtet. Nach einem Feedbackgespr\u00e4ch erhalten die Teilnehmerinnen und Teilnehmer ein Zertifikat. W\u00e4hrend der zweiw\u00f6chigen Berufsfelderprobung k\u00f6nnen die Sch\u00fclerinnen und Sch\u00fcler in mehreren Berufsfeldern (z.B. &#8222;Gesundheit\/Soziales&#8220;, &#8222;Holzverarbeitung&#8220;, &#8222;Wirtschaft\/Verwaltung&#8220;) ihre Interessen und F\u00e4higkeiten erproben.<\/p>\n\n\t\t<style type=\"text\/css\">\n\t\t\t#gallery-2 {\n\t\t\t\tmargin: auto;\n\t\t\t}\n\t\t\t#gallery-2 .gallery-item {\n\t\t\t\tfloat: left;\n\t\t\t\tmargin-top: 10px;\n\t\t\t\ttext-align: center;\n\t\t\t\twidth: 33%;\n\t\t\t}\n\t\t\t#gallery-2 img {\n\t\t\t\tborder: 2px solid #cfcfcf;\n\t\t\t}\n\t\t\t#gallery-2 .gallery-caption {\n\t\t\t\tmargin-left: 0;\n\t\t\t}\n\t\t\t\/* see gallery_shortcode() in wp-includes\/media.php *\/\n\t\t<\/style>\n\t\t<div id='gallery-2' class='gallery galleryid-14 gallery-columns-3 gallery-size-thumbnail'><dl class='gallery-item'>\n\t\t\t<dt class='gallery-icon landscape'>\n\t\t\t\t<a href='https:\/\/www.gmsrhen.de\/?attachment_id=576'><img loading=\"lazy\" decoding=\"async\" width=\"150\" height=\"150\" src=\"https:\/\/www.gmsrhen.de\/wp-content\/uploads\/2011\/01\/P1070462-150x150.jpg\" class=\"attachment-thumbnail size-thumbnail\" alt=\"\" \/><\/a>\n\t\t\t<\/dt><\/dl><dl class='gallery-item'>\n\t\t\t<dt class='gallery-icon landscape'>\n\t\t\t\t<a href='https:\/\/www.gmsrhen.de\/?attachment_id=575'><img loading=\"lazy\" decoding=\"async\" width=\"150\" height=\"150\" src=\"https:\/\/www.gmsrhen.de\/wp-content\/uploads\/2011\/01\/P1070448-150x150.jpg\" class=\"attachment-thumbnail size-thumbnail\" alt=\"\" \/><\/a>\n\t\t\t<\/dt><\/dl><dl class='gallery-item'>\n\t\t\t<dt class='gallery-icon landscape'>\n\t\t\t\t<a href='https:\/\/www.gmsrhen.de\/?attachment_id=574'><img loading=\"lazy\" decoding=\"async\" width=\"150\" height=\"150\" src=\"https:\/\/www.gmsrhen.de\/wp-content\/uploads\/2011\/01\/P1070384-150x150.jpg\" class=\"attachment-thumbnail size-thumbnail\" alt=\"\" \/><\/a>\n\t\t\t<\/dt><\/dl><br style=\"clear: both\" \/><dl class='gallery-item'>\n\t\t\t<dt class='gallery-icon landscape'>\n\t\t\t\t<a href='https:\/\/www.gmsrhen.de\/?attachment_id=579'><img loading=\"lazy\" decoding=\"async\" width=\"150\" height=\"150\" src=\"https:\/\/www.gmsrhen.de\/wp-content\/uploads\/2011\/01\/P1070474-150x150.jpg\" class=\"attachment-thumbnail size-thumbnail\" alt=\"\" \/><\/a>\n\t\t\t<\/dt><\/dl><dl class='gallery-item'>\n\t\t\t<dt class='gallery-icon landscape'>\n\t\t\t\t<a href='https:\/\/www.gmsrhen.de\/?attachment_id=580'><img loading=\"lazy\" decoding=\"async\" width=\"150\" height=\"150\" src=\"https:\/\/www.gmsrhen.de\/wp-content\/uploads\/2011\/01\/P1070407-150x150.jpg\" class=\"attachment-thumbnail size-thumbnail\" alt=\"\" \/><\/a>\n\t\t\t<\/dt><\/dl><dl class='gallery-item'>\n\t\t\t<dt class='gallery-icon landscape'>\n\t\t\t\t<a href='https:\/\/www.gmsrhen.de\/?attachment_id=581'><img loading=\"lazy\" decoding=\"async\" width=\"150\" height=\"150\" src=\"https:\/\/www.gmsrhen.de\/wp-content\/uploads\/2011\/01\/P1070436-150x150.jpg\" class=\"attachment-thumbnail size-thumbnail\" alt=\"\" \/><\/a>\n\t\t\t<\/dt><\/dl><br style=\"clear: both\" \/>\n\t\t<\/div>\n\n<p>Das Betriebspraktikum steht dann im Mittelpunkt des 9. Schuljahres. Dieses Praktikum wird im Wirtschaftsunterricht vor- und nachbereitet. Begleitend dazu findet der Besuch unserer 9. Klassen im Berufsinformationszentrum (BIZ) in Neum\u00fcnster statt. Hier k\u00f6nnen sich die Sch\u00fclerinnen und Sch\u00fcler \u00fcber alle Ausbildungsberufe informieren und nehmen das erste Mal Kontakt zur Berufsberaterin auf, die von da an in st\u00e4ndigem Kontakt mit den Sch\u00fclerinnen und Sch\u00fclern bleibt.<\/p>\n<p><a href=\"https:\/\/www.gmsrhen.de\/wp-content\/uploads\/2011\/01\/BetriebspraktikumBegleitschreiben.pdf\">BetriebspraktikumBegleitschreiben<\/a><\/p>\n<p><a href=\"https:\/\/www.gmsrhen.de\/wp-content\/uploads\/2011\/01\/BetriebspraktikumEltern.pdf\">BetriebspraktikumEltern<\/a><\/p>\n<p><a href=\"https:\/\/www.gmsrhen.de\/wp-content\/uploads\/2011\/01\/BetriebspraktikumKontaktFirma.pdf\">BetriebspraktikumKontaktFirma<\/a><\/p>\n<p>Ein Bewerbungstraining, durchgef\u00fchrt von Sparkassen und Krankenkassen in unseren 9. Klassen, bereitet auf Einstellungstests und Bewerbungsgespr\u00e4che vor.<\/p>\n<p>Im 10. Schuljahr wird der Kontakt zur Berufsberatung intensiviert. Die Berufsberaterin kommt zu Beginn des 10. Schuljahres in die 10. Klassen und informiert \u00fcber Ausbildung und weiter f\u00fchrende Schulen. Dar\u00fcber hinaus steht sie zu Beginn des 2. Halbjahres f\u00fcr Einzelgespr\u00e4che in unserer Schule zur Verf\u00fcgung.<\/p>\n<p>Die Leiterin der beruflichen Schulen in Norderstedt (Moorbekschule) kommt zu einer Infoveranstaltung nach Henstedt-Ulzburg.<\/p>\n<p>Fester Bestandteil unseres Programms ist inzwischen der Besuch der \u201enord-job-Messe\u201c in Neum\u00fcnster. In der Vorbereitung dieser Messe erh\u00e4lt jede Sch\u00fclerin und jeder Sch\u00fcler feste Termine bei den Messeausstellern (Betriebe und Schulen), um sich zu informieren und erste Kontakte zu kn\u00fcpfen.<\/p>\n<p>Um das Angebot abzurunden, verweisen wir auf die Termine zahlreicher Berufsmessen in unserer Umgebung (Henstedt-Ulzburg, Norderstedt, Hamburg, Bad Bramstedt). Hier k\u00f6nnen unsere Sch\u00fclerinnen und Sch\u00fcler mit Eltern, Mitsch\u00fclerinnen und Mitsch\u00fclern oder auch allein auf die Suche nach weiteren Informationen und Anregungen gehen.<\/p>\n","protected":false},"excerpt":{"rendered":"<p>Im Laufe der vergangenen Jahre wurde an unserer Schule ein Paket an berufsvorbereitenden Ma\u00dfnahmen entwickelt, die unseren Sch\u00fclerinnen und Sch\u00fclern den schwierigen Prozess der Berufswahl erleichtern sollen. In der Gemeinschaftsschule werden wir bereits in den Klassenstufen 5 und 6 im Rahmen des Geschichtsunterrichts berufsbezogene Themen behandeln. Im 8. Schuljahr erarbeiten wir im Deutschunterricht die formalen [&hellip;]<\/p>\n","protected":false},"author":1,"featured_media":0,"parent":103,"menu_order":0,"comment_status":"closed","ping_status":"closed","template":"","meta":{"footnotes":""},"class_list":["post-14","page","type-page","status-publish","hentry"],"_links":{"self":[{"href":"https:\/\/www.gmsrhen.de\/index.php?rest_route=\/wp\/v2\/pages\/14","targetHints":{"allow":["GET"]}}],"collection":[{"href":"https:\/\/www.gmsrhen.de\/index.php?rest_route=\/wp\/v2\/pages"}],"about":[{"href":"https:\/\/www.gmsrhen.de\/index.php?rest_route=\/wp\/v2\/types\/page"}],"author":[{"embeddable":true,"href":"https:\/\/www.gmsrhen.de\/index.php?rest_route=\/wp\/v2\/users\/1"}],"replies":[{"embeddable":true,"href":"https:\/\/www.gmsrhen.de\/index.php?rest_route=%2Fwp%2Fv2%2Fcomments&post=14"}],"version-history":[{"count":10,"href":"https:\/\/www.gmsrhen.de\/index.php?rest_route=\/wp\/v2\/pages\/14\/revisions"}],"predecessor-version":[{"id":2677,"href":"https:\/\/www.gmsrhen.de\/index.php?rest_route=\/wp\/v2\/pages\/14\/revisions\/2677"}],"up":[{"embeddable":true,"href":"https:\/\/www.gmsrhen.de\/index.php?rest_route=\/wp\/v2\/pages\/103"}],"wp:attachment":[{"href":"https:\/\/www.gmsrhen.de\/index.php?rest_route=%2Fwp%2Fv2%2Fmedia&parent=14"}],"curies":[{"name":"wp","href":"https:\/\/api.w.org\/{rel}","templated":true}]}}