{"id":142,"date":"2011-02-08T08:21:14","date_gmt":"2011-02-08T06:21:14","guid":{"rendered":"http:\/\/gmsrhen.bplaced.net\/?page_id=142"},"modified":"2021-01-11T16:12:58","modified_gmt":"2021-01-11T14:12:58","slug":"jugendforum-rhen-ogts-schulsozialarbeit","status":"publish","type":"page","link":"https:\/\/www.gmsrhen.de\/?page_id=142","title":{"rendered":"OGTS"},"content":{"rendered":"<p><strong>Offene Ganztagsschule<\/strong><\/p>\n<p><strong>OGTS &#8211; Was ist das?<\/strong><\/p>\n<p>Der Begriff \u201eOffene Ganztagsschule\u201c (OGTS) bezeichnet eine besondere Form der Ganztagsschule. \u00a0\u00a0Im Gegensatz zur gebundenen Ganztagsschule wird die herk\u00f6mmliche Zeitstruktur des Unterrichts um Angebote zur Freizeitgestaltung, aber auch um ein schulisches Nachmittagsangebot erweitert.<\/p>\n<p>Nach dem regul\u00e4ren Unterricht k\u00f6nnen die Sch\u00fcler und Sch\u00fclerinnen bis 16 Uhr an den vielseitigen Nachmittagsveranstaltungen teilnehmen. Als Schule sind wir verpflichtet, an mindestens 3 Tagen Kurse anzubieten. Wir sind in der gl\u00fccklichen Lage, an 4 Nachmittagen (Mo-Do) ein ansprechendes Programm anzubieten.<br \/>\nDaf\u00fcr k\u00f6nnen sich die Sch\u00fclerinnen und Sch\u00fcler jeweils zu Beginn eines Halbjahres verbindlich anmelden. Nach best\u00e4tigter Anmeldung sind die Kinder verpflichtet, zu den entsprechenden Veranstaltungen zu erscheinen und ggf. per Telefon abzusagen sowie eine schriftliche Entschuldigung einzureichen. Die Teilnahme an den Kursen wird im Zeugnis der Sch\u00fclerinnen und Sch\u00fcler vermerkt.<\/p>\n<p>Zus\u00e4tzlich bieten wir an:<\/p>\n<ul>\n<li>P\u00e4dagogischer Mittagstisch: Mo- Fr \u00a0in der Zeit von 12.30 \u2013 13.45 Uhr<\/li>\n<\/ul>\n<blockquote>\n<blockquote>\n<ul>\n<li>\u00a0bei verbindlicher Anmeldung bis zum Donnerstag der Vorwoche<\/li>\n<li>Anmeldung m\u00f6glich \u00fcber E-Mail oder Mo-Do in der 2. und 3. Pause in der Aula)<\/li>\n<li>Das Verpflegungsgeld in H\u00f6he von 2,50 \u20ac wird zum 20. des auf den Abrechnungsmonat folgenden Monat vom Konto abgebucht.<\/li>\n<\/ul>\n<\/blockquote>\n<\/blockquote>\n<ul>\n<li>Freizeitbereich (Anmeldung notwendig!)<\/li>\n<li>Hausaufgabenbetreuung (Anmeldung notwendig!)<\/li>\n<\/ul>\n<p>&nbsp;<\/p>\n<p><strong>Wo finde ich die OGTS?<\/strong><\/p>\n<p>Die OGTS befindet sich ca. 200 m vom Haupteingang der Gemeinschaftsschule Rhen entfernt hinter der Sporthalle.<\/p>\n<p>&nbsp;<\/p>\n<p><strong>Wie sind die \u00d6ffnungszeiten?<\/strong><\/p>\n<p>Das B\u00fcro ist von Montag-Freitag von 9:00-12:00 Uhr besetzt.<\/p>\n<p>Die OGTS hat von Montag \u2013Donnerstag von 12:00-16:00 und freitags von 12:00-15:00 Uhr ge\u00f6ffnet.<\/p>\n<p>&nbsp;<\/p>\n<p><strong>An wen kann ich mich bei Fragen\/ Problemen wenden?<\/strong><\/p>\n<p>Koordination und Betreuung: Gabriele Burmester, Maik Ritzrau und Florian Jansen<\/p>\n<p>(pers\u00f6nlich zu den angegebenen Zeiten, per E-Mail: <a href=\"mailto:ogts-gms.rhen@wtnet.de\">ogts-gms.rhen@wtnet.de<\/a>, per Telefon: 04193\/762707)<\/p>\n<p>Kooperationslehrkraft: M. Weber<\/p>\n<p>&nbsp;<\/p>\n<p><strong>Was passiert, wenn ein Kurs ausf\u00e4llt?<\/strong><\/p>\n<p>Es kann immer wieder vorkommen, dass ein Kurs nicht stattfinden kann. In diesem Fall werden die Sch\u00fcler informiert und haben dann die M\u00f6glichkeit, sich im Freizeitbereich aufzuhalten oder nach Hause zu gehen. Es ist leider nicht m\u00f6glich, alle Eltern zu informieren.<\/p>\n<p>&nbsp;<\/p>\n<p><strong>Schneefrei?<\/strong><\/p>\n<p>Bei Schneefrei bleibt die OGTS \u00a0bis auf Weiteres auch geschlossen.<\/p>\n<p>&nbsp;<\/p>\n<p><a href=\"http:\/\/gmsrhen.bplaced.net\/wp-content\/uploads\/2011\/02\/Symbol-\u00dcbersicht.jpg\"><img loading=\"lazy\" decoding=\"async\" class=\"wp-image-780 alignleft\" alt=\"Symbol-\u00dcbersicht\" src=\"http:\/\/gmsrhen.bplaced.net\/wp-content\/uploads\/2011\/02\/Symbol-\u00dcbersicht-744x1024.jpg\" width=\"203\" height=\"279\" srcset=\"https:\/\/www.gmsrhen.de\/wp-content\/uploads\/2011\/02\/Symbol-\u00dcbersicht-744x1024.jpg 744w, https:\/\/www.gmsrhen.de\/wp-content\/uploads\/2011\/02\/Symbol-\u00dcbersicht-218x300.jpg 218w, https:\/\/www.gmsrhen.de\/wp-content\/uploads\/2011\/02\/Symbol-\u00dcbersicht.jpg 1700w\" sizes=\"auto, (max-width: 203px) 100vw, 203px\" \/><\/a><a href=\"http:\/\/gmsrhen.bplaced.net\/wp-content\/uploads\/2011\/02\/Zusatzstoffe-sowie-Allergene.jpg\"><img loading=\"lazy\" decoding=\"async\" class=\"wp-image-781 alignleft\" alt=\"Zusatzstoffe sowie Allergene\" src=\"http:\/\/gmsrhen.bplaced.net\/wp-content\/uploads\/2011\/02\/Zusatzstoffe-sowie-Allergene-744x1024.jpg\" width=\"203\" height=\"279\" srcset=\"https:\/\/www.gmsrhen.de\/wp-content\/uploads\/2011\/02\/Zusatzstoffe-sowie-Allergene-744x1024.jpg 744w, https:\/\/www.gmsrhen.de\/wp-content\/uploads\/2011\/02\/Zusatzstoffe-sowie-Allergene-218x300.jpg 218w, https:\/\/www.gmsrhen.de\/wp-content\/uploads\/2011\/02\/Zusatzstoffe-sowie-Allergene.jpg 1700w\" sizes=\"auto, (max-width: 203px) 100vw, 203px\" \/><\/a><\/p>\n<p>&nbsp;<\/p>\n<p>&nbsp;<\/p>\n<p>&nbsp;<\/p>\n<p>&nbsp;<\/p>\n<p>&nbsp;<\/p>\n<p>&nbsp;<\/p>\n<p>&nbsp;<\/p>\n<p>&nbsp;<\/p>\n<p>&nbsp;<\/p>\n","protected":false},"excerpt":{"rendered":"<p>Offene Ganztagsschule OGTS &#8211; Was ist das? Der Begriff \u201eOffene Ganztagsschule\u201c (OGTS) bezeichnet eine besondere Form der Ganztagsschule. \u00a0\u00a0Im Gegensatz zur gebundenen Ganztagsschule wird die herk\u00f6mmliche Zeitstruktur des Unterrichts um Angebote zur Freizeitgestaltung, aber auch um ein schulisches Nachmittagsangebot erweitert. Nach dem regul\u00e4ren Unterricht k\u00f6nnen die Sch\u00fcler und Sch\u00fclerinnen bis 16 Uhr an den vielseitigen [&hellip;]<\/p>\n","protected":false},"author":1,"featured_media":0,"parent":0,"menu_order":0,"comment_status":"closed","ping_status":"closed","template":"","meta":{"footnotes":""},"class_list":["post-142","page","type-page","status-publish","hentry"],"_links":{"self":[{"href":"https:\/\/www.gmsrhen.de\/index.php?rest_route=\/wp\/v2\/pages\/142","targetHints":{"allow":["GET"]}}],"collection":[{"href":"https:\/\/www.gmsrhen.de\/index.php?rest_route=\/wp\/v2\/pages"}],"about":[{"href":"https:\/\/www.gmsrhen.de\/index.php?rest_route=\/wp\/v2\/types\/page"}],"author":[{"embeddable":true,"href":"https:\/\/www.gmsrhen.de\/index.php?rest_route=\/wp\/v2\/users\/1"}],"replies":[{"embeddable":true,"href":"https:\/\/www.gmsrhen.de\/index.php?rest_route=%2Fwp%2Fv2%2Fcomments&post=142"}],"version-history":[{"count":123,"href":"https:\/\/www.gmsrhen.de\/index.php?rest_route=\/wp\/v2\/pages\/142\/revisions"}],"predecessor-version":[{"id":1938,"href":"https:\/\/www.gmsrhen.de\/index.php?rest_route=\/wp\/v2\/pages\/142\/revisions\/1938"}],"wp:attachment":[{"href":"https:\/\/www.gmsrhen.de\/index.php?rest_route=%2Fwp%2Fv2%2Fmedia&parent=142"}],"curies":[{"name":"wp","href":"https:\/\/api.w.org\/{rel}","templated":true}]}}