{"id":148,"date":"2011-02-08T09:46:30","date_gmt":"2011-02-08T09:46:30","guid":{"rendered":"http:\/\/gmsrhen.bplaced.net\/?page_id=148"},"modified":"2024-03-15T07:22:51","modified_gmt":"2024-03-15T06:22:51","slug":"musik","status":"publish","type":"page","link":"https:\/\/www.gmsrhen.de\/?page_id=148","title":{"rendered":"Musik"},"content":{"rendered":"\n<div class=\"wp-block-columns is-layout-flex wp-container-core-columns-is-layout-9d6595d7 wp-block-columns-is-layout-flex\">\n<div class=\"wp-block-column is-layout-flow wp-block-column-is-layout-flow\" style=\"flex-basis:33.33%\">\n<figure class=\"wp-block-image size-large\"><a href=\"https:\/\/www.gmsrhen.de\/wp-content\/uploads\/2024\/03\/Musik01.jpg\"><img loading=\"lazy\" decoding=\"async\" width=\"776\" height=\"1024\" src=\"https:\/\/www.gmsrhen.de\/wp-content\/uploads\/2024\/03\/Musik01-776x1024.jpg\" alt=\"\" class=\"wp-image-2679\" srcset=\"https:\/\/www.gmsrhen.de\/wp-content\/uploads\/2024\/03\/Musik01-776x1024.jpg 776w, https:\/\/www.gmsrhen.de\/wp-content\/uploads\/2024\/03\/Musik01-227x300.jpg 227w, https:\/\/www.gmsrhen.de\/wp-content\/uploads\/2024\/03\/Musik01-768x1013.jpg 768w, https:\/\/www.gmsrhen.de\/wp-content\/uploads\/2024\/03\/Musik01-1164x1536.jpg 1164w, https:\/\/www.gmsrhen.de\/wp-content\/uploads\/2024\/03\/Musik01-1552x2048.jpg 1552w, https:\/\/www.gmsrhen.de\/wp-content\/uploads\/2024\/03\/Musik01-624x823.jpg 624w, https:\/\/www.gmsrhen.de\/wp-content\/uploads\/2024\/03\/Musik01.jpg 1584w\" sizes=\"auto, (max-width: 776px) 100vw, 776px\" \/><\/a><\/figure>\n\n\n\n<p><sub>Bild von Hannah, 9c, Feb 2024<\/sub><\/p>\n<\/div>\n\n\n\n<div class=\"wp-block-column is-layout-flow wp-block-column-is-layout-flow\" style=\"flex-basis:66.66%\">\n<p>Innerhalb der Gemeinschaftsschule Rhen findet in Klassenstufe 6 Musikunterricht statt. Sowohl theoretisch, wie auch durch praktisches Musizieren erarbeiten wir uns verschiedene Themen.<\/p>\n\n\n\n<p>Das dabei erlernte Knowhow wird von den Sch\u00fclerinnen und Sch\u00fclern sowohl solistisch als auch in Musikgruppen (Orff-Orchester, Tanzgruppe, Rhythmusgruppe, Gitarrengruppe, Band etc.) in der \u00d6ffentlichkeit gezeigt.<\/p>\n<\/div>\n<\/div>\n\n\n<p style=\"text-align: justify;\">Anl\u00e4sse, bei denen die Jugendlichen im Verlaufe eines Schuljahres ihr musikalisches K\u00f6nen zeigen und den Rahmen f\u00fcr eine Feier bilden, w\u00e4ren:<\/p>\n<ul style=\"text-align: justify;\">\n<li>inschulung der neuen F\u00fcnftkl\u00e4ssler<\/li>\n<li>Weihnachtsfeier<\/li>\n<li>Musikalische Er\u00f6ffnung des \u201eTag der offenen T\u00fcr\u201c<\/li>\n<li>Schulfest<\/li>\n<li>Entlassungsfeier der Sch\u00fcler aus den 10. Klassen<\/li>\n<\/ul>\n<p style=\"text-align: justify;\">Die Sch\u00fclerInnen k\u00f6nnen solistisch oder in Musikgruppen (Band, Tanzgruppe, Orff-Orchester) mitwirken.<\/p>\n<p style=\"text-align: right;\"><em>Fachleitung Musik<br \/><\/em><\/p>","protected":false},"excerpt":{"rendered":"<p>Bild von Hannah, 9c, Feb 2024 Innerhalb der Gemeinschaftsschule Rhen findet in Klassenstufe 6 Musikunterricht statt. Sowohl theoretisch, wie auch durch praktisches Musizieren erarbeiten wir uns verschiedene Themen. Das dabei erlernte Knowhow wird von den Sch\u00fclerinnen und Sch\u00fclern sowohl solistisch als auch in Musikgruppen (Orff-Orchester, Tanzgruppe, Rhythmusgruppe, Gitarrengruppe, Band etc.) in der \u00d6ffentlichkeit gezeigt. Anl\u00e4sse, [&hellip;]<\/p>\n","protected":false},"author":1,"featured_media":0,"parent":96,"menu_order":0,"comment_status":"closed","ping_status":"closed","template":"","meta":{"footnotes":""},"class_list":["post-148","page","type-page","status-publish","hentry"],"_links":{"self":[{"href":"https:\/\/www.gmsrhen.de\/index.php?rest_route=\/wp\/v2\/pages\/148","targetHints":{"allow":["GET"]}}],"collection":[{"href":"https:\/\/www.gmsrhen.de\/index.php?rest_route=\/wp\/v2\/pages"}],"about":[{"href":"https:\/\/www.gmsrhen.de\/index.php?rest_route=\/wp\/v2\/types\/page"}],"author":[{"embeddable":true,"href":"https:\/\/www.gmsrhen.de\/index.php?rest_route=\/wp\/v2\/users\/1"}],"replies":[{"embeddable":true,"href":"https:\/\/www.gmsrhen.de\/index.php?rest_route=%2Fwp%2Fv2%2Fcomments&post=148"}],"version-history":[{"count":24,"href":"https:\/\/www.gmsrhen.de\/index.php?rest_route=\/wp\/v2\/pages\/148\/revisions"}],"predecessor-version":[{"id":2697,"href":"https:\/\/www.gmsrhen.de\/index.php?rest_route=\/wp\/v2\/pages\/148\/revisions\/2697"}],"up":[{"embeddable":true,"href":"https:\/\/www.gmsrhen.de\/index.php?rest_route=\/wp\/v2\/pages\/96"}],"wp:attachment":[{"href":"https:\/\/www.gmsrhen.de\/index.php?rest_route=%2Fwp%2Fv2%2Fmedia&parent=148"}],"curies":[{"name":"wp","href":"https:\/\/api.w.org\/{rel}","templated":true}]}}