{"id":17,"date":"2011-01-29T13:38:37","date_gmt":"2011-01-29T13:38:37","guid":{"rendered":"http:\/\/gmsrhen.bplaced.net\/?page_id=17"},"modified":"2021-09-14T08:42:38","modified_gmt":"2021-09-14T06:42:38","slug":"fordern-und-fordern","status":"publish","type":"page","link":"https:\/\/www.gmsrhen.de\/?page_id=17","title":{"rendered":"F\u00f6rdern und Fordern"},"content":{"rendered":"<p>Seit Beginn des Schuljahres 2007\/08 gibt es bei uns das F\u00f6rderkonzept \u201eSch\u00fcler helfen Sch\u00fclern\u201c. In Kleingruppen (max. 3 Sch\u00fcler) f\u00f6rdern Tutoren der Klassen neun und zehn die J\u00fcngeren.<\/p>\n<p>Die Gruppen sind m\u00f6glichst nach Jahrgangsstufe und nach Unterrichtsfach homogen zusammengesetzt. Durch den geringen Altersunterschied herrscht eine vertraute Atmosph\u00e4re im F\u00f6rderunterricht, der von Montag bis Donnerstag in der 7. Stunde f\u00fcr 45 Minuten stattfindet.<\/p>\n<p>Die Tutoren werden von zwei Lehrkr\u00e4ften begleitet. Dabei achten wir nicht nur auf die fachliche Kompetenz der Tutoren, sondern auch auf den p\u00e4dagogischen Umgang mit den j\u00fcngeren Sch\u00fclerinnen und Sch\u00fclern.<\/p>\n<p style=\"text-align: right;\"><em>M. Weber und A. H\u00fcbner<\/em><\/p>\n<p style=\"text-align: left;\"><em><br \/>\n<\/em><\/p>\n","protected":false},"excerpt":{"rendered":"<p>Seit Beginn des Schuljahres 2007\/08 gibt es bei uns das F\u00f6rderkonzept \u201eSch\u00fcler helfen Sch\u00fclern\u201c. In Kleingruppen (max. 3 Sch\u00fcler) f\u00f6rdern Tutoren der Klassen neun und zehn die J\u00fcngeren. Die Gruppen sind m\u00f6glichst nach Jahrgangsstufe und nach Unterrichtsfach homogen zusammengesetzt. Durch den geringen Altersunterschied herrscht eine vertraute Atmosph\u00e4re im F\u00f6rderunterricht, der von Montag bis Donnerstag in [&hellip;]<\/p>\n","protected":false},"author":1,"featured_media":0,"parent":103,"menu_order":0,"comment_status":"closed","ping_status":"closed","template":"","meta":{"footnotes":""},"class_list":["post-17","page","type-page","status-publish","hentry"],"_links":{"self":[{"href":"https:\/\/www.gmsrhen.de\/index.php?rest_route=\/wp\/v2\/pages\/17","targetHints":{"allow":["GET"]}}],"collection":[{"href":"https:\/\/www.gmsrhen.de\/index.php?rest_route=\/wp\/v2\/pages"}],"about":[{"href":"https:\/\/www.gmsrhen.de\/index.php?rest_route=\/wp\/v2\/types\/page"}],"author":[{"embeddable":true,"href":"https:\/\/www.gmsrhen.de\/index.php?rest_route=\/wp\/v2\/users\/1"}],"replies":[{"embeddable":true,"href":"https:\/\/www.gmsrhen.de\/index.php?rest_route=%2Fwp%2Fv2%2Fcomments&post=17"}],"version-history":[{"count":4,"href":"https:\/\/www.gmsrhen.de\/index.php?rest_route=\/wp\/v2\/pages\/17\/revisions"}],"predecessor-version":[{"id":2018,"href":"https:\/\/www.gmsrhen.de\/index.php?rest_route=\/wp\/v2\/pages\/17\/revisions\/2018"}],"up":[{"embeddable":true,"href":"https:\/\/www.gmsrhen.de\/index.php?rest_route=\/wp\/v2\/pages\/103"}],"wp:attachment":[{"href":"https:\/\/www.gmsrhen.de\/index.php?rest_route=%2Fwp%2Fv2%2Fmedia&parent=17"}],"curies":[{"name":"wp","href":"https:\/\/api.w.org\/{rel}","templated":true}]}}