{"id":176,"date":"2011-02-09T04:44:22","date_gmt":"2011-02-09T04:44:22","guid":{"rendered":"http:\/\/gmsrhen.bplaced.net\/?page_id=176"},"modified":"2024-02-09T12:14:33","modified_gmt":"2024-02-09T11:14:33","slug":"franzosisch","status":"publish","type":"page","link":"https:\/\/www.gmsrhen.de\/?page_id=176","title":{"rendered":"Franz\u00f6sisch"},"content":{"rendered":"<p style=\"text-align: justify;\">(Hinweis: Das Fach Franz\u00f6sisch wird nur im WPU-Rahmen angeboten!)<\/p>\n<h3 style=\"text-align: justify;\">Der Franz\u00f6sischunterricht an der Gemeinschaftsschule Rhen<\/h3>\n<p style=\"text-align: justify;\">Die Sch\u00fclerinnen und Sch\u00fcler der Gemeinschaftsschule Rhen lernen Franz\u00f6sisch als 2. Fremdsprache. Sie haben im Rahmen der Wahlpflichtdifferenzierung die M\u00f6glichkeit, Grundkenntnisse zu erwerben und diese in einem 4-st\u00fcndigen Kurs zu einem Abschlussprofil auszubauen, das die Grundlage f\u00fcr eine Weiterarbeit an den Fachgymnasien und Gymnasien bietet. Vor dem Hintergrund der Bildungs- und Erziehungsziele zu interkulturellem Lernen werden den Sch\u00fclerinnen und Sch\u00fclern anhand von authentischen Materialien landeskundliche Informationen vermittelt, wobei auf eine sinnvolle lexikalische und grammatische Progression geachtet wird. Die Lernenden setzen sich mit der franz\u00f6sischen Sprachwirklichkeit auseinander und entwickeln eine eigene Sprachhandlungskompetenz. Die Sozial- und Arbeitsformen des Franz\u00f6sischunterrichts sind auf differenziertes und individualisiertes Lernen ausgerichtet.<\/p>\n<p style=\"text-align: right;\"><em>Fachleitung Franz\u00f6sisch<\/em><\/p>\n","protected":false},"excerpt":{"rendered":"<p>(Hinweis: Das Fach Franz\u00f6sisch wird nur im WPU-Rahmen angeboten!) Der Franz\u00f6sischunterricht an der Gemeinschaftsschule Rhen Die Sch\u00fclerinnen und Sch\u00fcler der Gemeinschaftsschule Rhen lernen Franz\u00f6sisch als 2. Fremdsprache. Sie haben im Rahmen der Wahlpflichtdifferenzierung die M\u00f6glichkeit, Grundkenntnisse zu erwerben und diese in einem 4-st\u00fcndigen Kurs zu einem Abschlussprofil auszubauen, das die Grundlage f\u00fcr eine Weiterarbeit an [&hellip;]<\/p>\n","protected":false},"author":1,"featured_media":0,"parent":96,"menu_order":0,"comment_status":"closed","ping_status":"closed","template":"","meta":{"footnotes":""},"class_list":["post-176","page","type-page","status-publish","hentry"],"_links":{"self":[{"href":"https:\/\/www.gmsrhen.de\/index.php?rest_route=\/wp\/v2\/pages\/176","targetHints":{"allow":["GET"]}}],"collection":[{"href":"https:\/\/www.gmsrhen.de\/index.php?rest_route=\/wp\/v2\/pages"}],"about":[{"href":"https:\/\/www.gmsrhen.de\/index.php?rest_route=\/wp\/v2\/types\/page"}],"author":[{"embeddable":true,"href":"https:\/\/www.gmsrhen.de\/index.php?rest_route=\/wp\/v2\/users\/1"}],"replies":[{"embeddable":true,"href":"https:\/\/www.gmsrhen.de\/index.php?rest_route=%2Fwp%2Fv2%2Fcomments&post=176"}],"version-history":[{"count":7,"href":"https:\/\/www.gmsrhen.de\/index.php?rest_route=\/wp\/v2\/pages\/176\/revisions"}],"predecessor-version":[{"id":2655,"href":"https:\/\/www.gmsrhen.de\/index.php?rest_route=\/wp\/v2\/pages\/176\/revisions\/2655"}],"up":[{"embeddable":true,"href":"https:\/\/www.gmsrhen.de\/index.php?rest_route=\/wp\/v2\/pages\/96"}],"wp:attachment":[{"href":"https:\/\/www.gmsrhen.de\/index.php?rest_route=%2Fwp%2Fv2%2Fmedia&parent=176"}],"curies":[{"name":"wp","href":"https:\/\/api.w.org\/{rel}","templated":true}]}}