{"id":1802,"date":"2020-11-04T14:29:06","date_gmt":"2020-11-04T12:29:06","guid":{"rendered":"http:\/\/gmsrhen.bplaced.net\/?page_id=1802"},"modified":"2025-05-08T08:00:05","modified_gmt":"2025-05-08T06:00:05","slug":"schule-digital","status":"publish","type":"page","link":"https:\/\/www.gmsrhen.de\/?page_id=1802","title":{"rendered":"Schule digital"},"content":{"rendered":"<p>Im Rahmen von Distanzlernen nutzt die Gemeinschaftsschule Rhen folgende Internetseiten.<\/p>\n<p>Es ist hilfreich, diese Links unter Favoriten oder in der Lesezeichen-Symbolleiste zu speichern.<\/p>\n<p>Anfragen zu Benutzernamen oder Passw\u00f6rtern von itslearning und des Digitalen Klassenbuches gehen bitte <em>ausschlie\u00dflich<\/em> \u00fcber Frau Pries!<\/p>\n<p><strong>Itslearning<\/strong> zum Erhalt von Arbeitsauftr\u00e4gen und Pr\u00e4sentieren von L\u00f6sungen.<\/p>\n<p><a href=\"https:\/\/login.schule-sh.de\/realms\/SPSH\/protocol\/openid-connect\/auth?client_id=spsh&amp;scope=openid&amp;response_type=code&amp;redirect_uri=https%3A%2F%2Fportal.schule-sh.de%2Fapi%2Fauth%2Flogin&amp;state=bSB68ml03jSyWfsshRPnX0KdBhsLkCCMSA751TSsdTY&amp;acr_values=silver&amp;code_challenge=_db1bP9jLRXGrAoQGI6AX5fonqwGsMkYR8YSYCBOXRg&amp;code_challenge_method=S256\">itslearning-Anmeldeseite<\/a><\/p>\n<p>Um sich bei der App anzumelden, musst du Schulen von Schleswig-Holstein suchen.<\/p>\n<p>So geht das:<\/p>\n<div style=\"width: 480px;\" class=\"wp-video\"><video class=\"wp-video-shortcode\" id=\"video-1802-1\" width=\"480\" height=\"720\" preload=\"metadata\" controls=\"controls\"><source type=\"video\/mp4\" src=\"https:\/\/www.gmsrhen.de\/wp-content\/uploads\/2025\/02\/itslearning_app.mp4?_=1\" \/><a href=\"https:\/\/www.gmsrhen.de\/wp-content\/uploads\/2025\/02\/itslearning_app.mp4\">https:\/\/www.gmsrhen.de\/wp-content\/uploads\/2025\/02\/itslearning_app.mp4<\/a><\/video><\/div>\n<p>Die Erreichbarkeit der Lehrkr\u00e4fte innerhalb einer Klasse sind bei itslearning im Klassenordner unter Ressourcen zu finden.<\/p>\n<div style=\"width: 625px;\" class=\"wp-video\"><video class=\"wp-video-shortcode\" id=\"video-1802-2\" width=\"625\" height=\"351\" preload=\"metadata\" controls=\"controls\"><source type=\"video\/mp4\" src=\"https:\/\/www.gmsrhen.de\/wp-content\/uploads\/2025\/03\/Erreichbarkeit.mp4?_=2\" \/><a href=\"https:\/\/www.gmsrhen.de\/wp-content\/uploads\/2025\/03\/Erreichbarkeit.mp4\">https:\/\/www.gmsrhen.de\/wp-content\/uploads\/2025\/03\/Erreichbarkeit.mp4<\/a><\/video><\/div>\n<p><strong>Digitales Klassenbuch<\/strong><\/p>\n<p><a href=\"https:\/\/gmsrhen.schule.dk\" target=\"_blank\" rel=\"noopener\">https:\/\/gmsrhen.schule.dk<\/a><\/p>\n<p><strong>Bettermarks<\/strong> f\u00fcr Matheaufgaben<\/p>\n<p><a href=\"https:\/\/school.bettermarks.com\/app\/login.html?system=DE_bettermarks\" target=\"_blank\" rel=\"noopener\">https:\/\/bettermarks.de<\/a><\/p>\n<p>Da sich die technischen Fragen h\u00e4ufen und wir leider nicht immer Support leisten k\u00f6nnen, finden Sie hier einige Informationen zur Selbsthilfe oder reinen Information.<\/p>\n<p>Sollten Sie Probleme technischer Natur haben (Fehler 1007 usw.), schauen Sie bitte einmal unter <a href=\"https:\/\/bbb-hilfe.de\/\">https:\/\/bbb-hilfe.de\/ <\/a>und geben Sie dort den Fehler ein. Gerade dieser Fehler deutet auf ein Netzwerkproblem auf Client-Seite hin (also Ihr Heimnetzwerk\/Router).<\/p>\n<p>Hier hilft der Link: <a href=\"https:\/\/bbb-hilfe.de\/docs\/firewall-freigaben-fuer-bigbluebutton\/\">https:\/\/bbb-hilfe.de\/docs\/firewall-freigaben-fuer-bigbluebutton\/<\/a><\/p>\n<p>Weitere Tipps:<\/p>\n<ol>\n<li>Benutzen Sie Google Chrome oder Firefox &#8211; egal auf welchem Ger\u00e4t<\/li>\n<li>Besonders Safari macht Probleme. Windows Notebooks funktionieren am besten.<\/li>\n<li>Achten Sie darauf, eine ordentliche Internetverbindung zu haben.<\/li>\n<li>Wenn mal etwas nicht funktioniert, kann man mit &#8222;F5&#8220; die Seite neu laden. In der Regel ist das Problem damit behoben. Quasi muss man sich einmal neu einw\u00e4hlen.<\/li>\n<li>iPads haben z.T. Probleme mit manchen Funktionen in dem Digitalen Klassenbuch (man kann z.B. nicht in den Chat schreiben). Je nach iOS Version und BBB Version sind die Probleme unterschiedlich. Prinzipiell ist die Empfehlung Google Chrome zu benutzen \u2013 das geht aber auch nicht einheitlich auf allen iPads. Unabh\u00e4ngig davon: teilnehmen kann man prinzipiell auch mit iPads.<br \/>Es ist allerdings ein von Apple hausgemachtes Problem, weil die Software auf den iPads (je nach Alter der Ger\u00e4te) nicht einheitlich ist.<\/li>\n<li>Probleme mit Umfragen: Es kann vereinzelt passieren, dass man beim Erstellen einer Umfrage aus der Konferenz geworfen wird. Das liegt nicht an einer \u00dcberlastung \u2013 es ist ein BBB-Bug. Man kommt v\u00f6llig problemlos wieder in die Konferenz, eine Umfrage sollte man dann aber bis zum Ende der Konferenz nicht noch einmal starten.<\/li>\n<li>Probleme mit dem \u201eAudio zur\u00fcckgeben Knopf\u201c: Break-Out R\u00e4ume funktionieren ohne Probleme. Nur der Knopf \u201eAudio zur\u00fcckgeben\u201c funktioniert nicht einwandfrei. Man fliegt raus.<\/li>\n<li>Um in einem Break-Out Raum zuzuh\u00f6ren, sollte man dem Raum betreten.<\/li>\n<\/ol>\n\n\n<p><\/p>\n","protected":false},"excerpt":{"rendered":"<p>Im Rahmen von Distanzlernen nutzt die Gemeinschaftsschule Rhen folgende Internetseiten. Es ist hilfreich, diese Links unter Favoriten oder in der Lesezeichen-Symbolleiste zu speichern. Anfragen zu Benutzernamen oder Passw\u00f6rtern von itslearning und des Digitalen Klassenbuches gehen bitte ausschlie\u00dflich \u00fcber Frau Pries! Itslearning zum Erhalt von Arbeitsauftr\u00e4gen und Pr\u00e4sentieren von L\u00f6sungen. itslearning-Anmeldeseite Um sich bei der App [&hellip;]<\/p>\n","protected":false},"author":1,"featured_media":0,"parent":0,"menu_order":0,"comment_status":"closed","ping_status":"closed","template":"","meta":{"footnotes":""},"class_list":["post-1802","page","type-page","status-publish","hentry"],"_links":{"self":[{"href":"https:\/\/www.gmsrhen.de\/index.php?rest_route=\/wp\/v2\/pages\/1802","targetHints":{"allow":["GET"]}}],"collection":[{"href":"https:\/\/www.gmsrhen.de\/index.php?rest_route=\/wp\/v2\/pages"}],"about":[{"href":"https:\/\/www.gmsrhen.de\/index.php?rest_route=\/wp\/v2\/types\/page"}],"author":[{"embeddable":true,"href":"https:\/\/www.gmsrhen.de\/index.php?rest_route=\/wp\/v2\/users\/1"}],"replies":[{"embeddable":true,"href":"https:\/\/www.gmsrhen.de\/index.php?rest_route=%2Fwp%2Fv2%2Fcomments&post=1802"}],"version-history":[{"count":19,"href":"https:\/\/www.gmsrhen.de\/index.php?rest_route=\/wp\/v2\/pages\/1802\/revisions"}],"predecessor-version":[{"id":3014,"href":"https:\/\/www.gmsrhen.de\/index.php?rest_route=\/wp\/v2\/pages\/1802\/revisions\/3014"}],"wp:attachment":[{"href":"https:\/\/www.gmsrhen.de\/index.php?rest_route=%2Fwp%2Fv2%2Fmedia&parent=1802"}],"curies":[{"name":"wp","href":"https:\/\/api.w.org\/{rel}","templated":true}]}}