{"id":28,"date":"2011-01-29T13:55:00","date_gmt":"2011-01-29T13:55:00","guid":{"rendered":"http:\/\/gmsrhen.bplaced.net\/?page_id=28"},"modified":"2024-02-05T10:47:18","modified_gmt":"2024-02-05T09:47:18","slug":"das-kleine-hungerloch","status":"publish","type":"page","link":"https:\/\/www.gmsrhen.de\/?page_id=28","title":{"rendered":"Das Kleine Hungerloch"},"content":{"rendered":"<p>Das kleine Hungerloch, so hei\u00dft bei uns an der Schule der Kiosk. Der Kiosk bekam seinen Namen durch die Sch\u00fcler und Sch\u00fclerinnen der Schule, er wurde durch ein Gewinnspiel ermittelt.<\/p>\n<p>Erstmals er\u00f6ffnete der Kiosk am 12. November 2001 seine Pforten, damals mit 15 ehrenamtlichen Eltern.<\/p>\n<p>Heute sind M\u00fctter, V\u00e4ter sowie Gro\u00dfeltern ehrenamtlich unter der Leitung von Frau Schmidt im Kiosk t\u00e4tig. Unser kleines Hungerloch hat von Montag bis Freitag immer in den drei gro\u00dfen Pausen ge\u00f6ffnet.<\/p>\n<p>Durch ein vielf\u00e4ltiges Angebot hat das kleine Hungerloch einen hohen Zulauf. Der Anlauf ist gut zu Zweit zu stemmen. Es werden unter anderem pro Tag ca. 230 verschiedene Br\u00f6tchen belegt und verkauft. Auch hei\u00dfe W\u00fcrstchen, M\u00fcsliriegel oder Getr\u00e4nke gehen \u00fcber den Tresen.<\/p>\n<p>Im \u00dcbrigen kaufen nicht nur die Sch\u00fcler und Sch\u00fclerinnen der Schule, auch die Lehrer und Lehrerinnen, sowie der Hausmeister und die Sekret\u00e4rin nutzen die M\u00f6glichkeit, frische Br\u00f6tchen im kleinen Hungerloch zu erwerben.<\/p>\n<p>Wenn Sie unsere ehrenamtliche Arbeit im kleinen Hungerloch unterst\u00fctzen m\u00f6chten, dann nehmen Sie bitte Kontakt zu Frau Schmidt \u00fcber unser Schulb\u00fcro auf.<\/p>\n","protected":false},"excerpt":{"rendered":"<p>Das kleine Hungerloch, so hei\u00dft bei uns an der Schule der Kiosk. Der Kiosk bekam seinen Namen durch die Sch\u00fcler und Sch\u00fclerinnen der Schule, er wurde durch ein Gewinnspiel ermittelt. Erstmals er\u00f6ffnete der Kiosk am 12. November 2001 seine Pforten, damals mit 15 ehrenamtlichen Eltern. Heute sind M\u00fctter, V\u00e4ter sowie Gro\u00dfeltern ehrenamtlich unter der Leitung [&hellip;]<\/p>\n","protected":false},"author":1,"featured_media":0,"parent":109,"menu_order":0,"comment_status":"closed","ping_status":"closed","template":"","meta":{"footnotes":""},"class_list":["post-28","page","type-page","status-publish","hentry"],"_links":{"self":[{"href":"https:\/\/www.gmsrhen.de\/index.php?rest_route=\/wp\/v2\/pages\/28","targetHints":{"allow":["GET"]}}],"collection":[{"href":"https:\/\/www.gmsrhen.de\/index.php?rest_route=\/wp\/v2\/pages"}],"about":[{"href":"https:\/\/www.gmsrhen.de\/index.php?rest_route=\/wp\/v2\/types\/page"}],"author":[{"embeddable":true,"href":"https:\/\/www.gmsrhen.de\/index.php?rest_route=\/wp\/v2\/users\/1"}],"replies":[{"embeddable":true,"href":"https:\/\/www.gmsrhen.de\/index.php?rest_route=%2Fwp%2Fv2%2Fcomments&post=28"}],"version-history":[{"count":8,"href":"https:\/\/www.gmsrhen.de\/index.php?rest_route=\/wp\/v2\/pages\/28\/revisions"}],"predecessor-version":[{"id":2652,"href":"https:\/\/www.gmsrhen.de\/index.php?rest_route=\/wp\/v2\/pages\/28\/revisions\/2652"}],"up":[{"embeddable":true,"href":"https:\/\/www.gmsrhen.de\/index.php?rest_route=\/wp\/v2\/pages\/109"}],"wp:attachment":[{"href":"https:\/\/www.gmsrhen.de\/index.php?rest_route=%2Fwp%2Fv2%2Fmedia&parent=28"}],"curies":[{"name":"wp","href":"https:\/\/api.w.org\/{rel}","templated":true}]}}