{"id":727,"date":"2014-09-30T21:46:04","date_gmt":"2014-09-30T19:46:04","guid":{"rendered":"http:\/\/gmsrhen.bplaced.net\/?page_id=727"},"modified":"2023-06-19T16:34:13","modified_gmt":"2023-06-19T14:34:13","slug":"an-die-schulerinnen-und-schuler-der-gemeinschaftsschule-rhen","status":"publish","type":"page","link":"https:\/\/www.gmsrhen.de\/?page_id=727","title":{"rendered":"Was tun?"},"content":{"rendered":"<p style=\"text-align: justify;\"><strong>Wechsel nach der 10. Klasse an das Alstergymnasium Henstedt-Ulzburg<\/strong><\/p>\n<p>Hallo, liebe Sch\u00fclerinnen und Sch\u00fcler der Gemeinschaftsschule Rhen,<br \/>\nhier kommen einige wichtige Informationen f\u00fcr den Fall, dass Sie nach Ihrem bestandenen mittleren Bildungsabschluss Ihre Schullaufbahn in der Oberstufe des Alstergymnasiums fortsetzen wollen.<br \/>\nDas Alstergymnasium garantiert Ihnen die Aufnahme in die gymnasiale Oberstufe, sofern folgende Bedingungen erf\u00fcllt sind:<br \/>\nSie m\u00fcssen im Abschlusszeugnis Leistungen nachweisen: h\u00f6chstens einmal ausreichend (Note 4) und kein Fach mit mangelhaft (Note 5) oder ungen\u00fcgend (Note 6). Au\u00dferdem w\u00e4re es praktisch, wenn Sie eine zweite Fremdsprache belegt h\u00e4tten.<br \/>\nF\u00fcr Interessenten, die diese Vorgaben nicht erf\u00fcllen, bietet unSer Oberstufenleiter Ihnen Beratungsgespr\u00e4che dazu an, in wieweit eventuell trotzdem der Zugang in die Oberstufe m\u00f6glich ist. (z.B. Beginn einer neuen Fremdsprache) Bei der Einteilung und Vergabe der Profile\/Kurse werden Sie mit unseren Gymnasiastinnen und Gymnasiasten gleichgestellt.<\/p>\n<p style=\"text-align: justify;\">Die zweite Fremdsprache ab Klasse 7 ist deshalb wichtig, damit Sie f\u00fcr die Oberstufe auch ein naturwissenschaftliches bzw. sprachliches Profil w\u00e4hlen k\u00f6nnen. Andernfalls ist dies nicht leistbar. Falls von Ihrer Seite ein konkretes Interesse f\u00fcr einen Wechsel In die Oberstufe des Alstergymnasiums besteht, sollten Sie im ersten Halbjahr der 10. Jahrgangsstufe an der Abendveranstaltung im Gymnasium tei Inehmen. Dar\u00fcber hinaus erhalten Sie die M\u00f6glichkeit, sich durch einen eint\u00e4gigen Unterrichtsbesuch Ende Januar\/Anfang Februar einen Einblick in den Unterrichtsalltag des Gymnasiums und der Profiloberstufe zu verschaffen.<br \/>\nIm Einf\u00fchrungsjahr der Oberstufe kann bei Bedarf und Lehrerverf\u00fcgbarkeit ein Trainings- und Wiederholungsseminar in den Kernf\u00e4chern (Deu, Mo, Eng) angeboten werden, das den \u00dcbergang von der Mittelstufe in die Oberstufe erleichtert.<\/p>\n<p style=\"text-align: justify;\">Gemeinschaftsschule Rhen: Herr H. Schmedes<\/p>\n<p style=\"text-align: justify;\">Alstergymnasium: Herr J. Kahle<\/p>\n<p style=\"text-align: justify;\"><a href=\"https:\/\/www.gmsrhen.de\/wp-content\/uploads\/2014\/09\/Was_tun.pdf\">Was_tun<\/a><\/p>\n","protected":false},"excerpt":{"rendered":"<p>Wechsel nach der 10. Klasse an das Alstergymnasium Henstedt-Ulzburg Hallo, liebe Sch\u00fclerinnen und Sch\u00fcler der Gemeinschaftsschule Rhen, hier kommen einige wichtige Informationen f\u00fcr den Fall, dass Sie nach Ihrem bestandenen mittleren Bildungsabschluss Ihre Schullaufbahn in der Oberstufe des Alstergymnasiums fortsetzen wollen. Das Alstergymnasium garantiert Ihnen die Aufnahme in die gymnasiale Oberstufe, sofern folgende Bedingungen erf\u00fcllt [&hellip;]<\/p>\n","protected":false},"author":1,"featured_media":0,"parent":908,"menu_order":0,"comment_status":"closed","ping_status":"closed","template":"","meta":{"footnotes":""},"class_list":["post-727","page","type-page","status-publish","hentry"],"_links":{"self":[{"href":"https:\/\/www.gmsrhen.de\/index.php?rest_route=\/wp\/v2\/pages\/727","targetHints":{"allow":["GET"]}}],"collection":[{"href":"https:\/\/www.gmsrhen.de\/index.php?rest_route=\/wp\/v2\/pages"}],"about":[{"href":"https:\/\/www.gmsrhen.de\/index.php?rest_route=\/wp\/v2\/types\/page"}],"author":[{"embeddable":true,"href":"https:\/\/www.gmsrhen.de\/index.php?rest_route=\/wp\/v2\/users\/1"}],"replies":[{"embeddable":true,"href":"https:\/\/www.gmsrhen.de\/index.php?rest_route=%2Fwp%2Fv2%2Fcomments&post=727"}],"version-history":[{"count":7,"href":"https:\/\/www.gmsrhen.de\/index.php?rest_route=\/wp\/v2\/pages\/727\/revisions"}],"predecessor-version":[{"id":2273,"href":"https:\/\/www.gmsrhen.de\/index.php?rest_route=\/wp\/v2\/pages\/727\/revisions\/2273"}],"up":[{"embeddable":true,"href":"https:\/\/www.gmsrhen.de\/index.php?rest_route=\/wp\/v2\/pages\/908"}],"wp:attachment":[{"href":"https:\/\/www.gmsrhen.de\/index.php?rest_route=%2Fwp%2Fv2%2Fmedia&parent=727"}],"curies":[{"name":"wp","href":"https:\/\/api.w.org\/{rel}","templated":true}]}}