{"id":787,"date":"2015-01-25T13:09:59","date_gmt":"2015-01-25T11:09:59","guid":{"rendered":"http:\/\/gmsrhen.bplaced.net\/?page_id=787"},"modified":"2026-01-31T19:24:06","modified_gmt":"2026-01-31T18:24:06","slug":"chemie","status":"publish","type":"page","link":"https:\/\/www.gmsrhen.de\/?page_id=787","title":{"rendered":"Chemie"},"content":{"rendered":"<p style=\"text-align: justify;\">An der Gemeinschaftsschule Rhen wird das Fach Chemie in der 7., 9. und 10. Klassenstufe ein- bzw. zweist\u00fcndig unterrichtet. Im Chemieunterricht erfahren die Sch\u00fclerInnen etwas \u00fcber den stofflichen Aufbau der Welt &#8211; nicht nur durch den Lehrer oder ein Buch, sondern auch mit Hilfe von selbstdurchgef\u00fchrten Experimenten. Daf\u00fcr hat unsere Schule einen gut ausgestatteten Fachraum im naturwissenschaftlichen Trakt. Anhand vieler Versuche sollen die Sch\u00fclerInnen erkennen, wie die nahezu unendliche Vielfalt der Stoffe zustande kommt. Sie lernen Eigenschaften, Reaktionen und Verwendungsm\u00f6glichkeiten von vielen Stoffen und Stoffgemischen kennen. Die Experimente beginnen bei sehr einfachen Verfahren zur Trennung von Stoffgemischen (z.B. Filtration) und gehen bis zu komplexen chemischen Reaktionen (z.B. Substitutionsreaktionen in der organischen Chemie). Im Unterricht werden Modelle erarbeitet, mit denen die Lernenden eine Vorstellung \u00fcber den Teilchenaufbau der Stoffe erlangen k\u00f6nnen.<\/p>\n<p>Ganz wichtig ist uns, dass der Bezug zur Erfahrungswelt der Sch\u00fclerInnen bei allen unseren Inhalten im Vordergrund steht. Deshalb ist der Chemieunterricht auch mit f\u00e4cher\u00fcbergreifenden Inhalten angereichert.<\/p>\n<p>Wir m\u00f6chten den Sch\u00fclerInnen Entscheidungshilfen f\u00fcr ein umwelt- und gesundheitsbewusstes Leben vermitteln. Dazu geh\u00f6rt ein Grundverst\u00e4ndnis der vielf\u00e4ltigen Parameter, die unser Leben mitbestimmen.<\/p>\n<p style=\"text-align: right;\"><em>Fachschaft Chemie<\/em><\/p>\n","protected":false},"excerpt":{"rendered":"<p>An der Gemeinschaftsschule Rhen wird das Fach Chemie in der 7., 9. und 10. Klassenstufe ein- bzw. zweist\u00fcndig unterrichtet. Im Chemieunterricht erfahren die Sch\u00fclerInnen etwas \u00fcber den stofflichen Aufbau der Welt &#8211; nicht nur durch den Lehrer oder ein Buch, sondern auch mit Hilfe von selbstdurchgef\u00fchrten Experimenten. Daf\u00fcr hat unsere Schule einen gut ausgestatteten Fachraum [&hellip;]<\/p>\n","protected":false},"author":1,"featured_media":0,"parent":96,"menu_order":0,"comment_status":"closed","ping_status":"closed","template":"","meta":{"footnotes":""},"class_list":["post-787","page","type-page","status-publish","hentry"],"_links":{"self":[{"href":"https:\/\/www.gmsrhen.de\/index.php?rest_route=\/wp\/v2\/pages\/787","targetHints":{"allow":["GET"]}}],"collection":[{"href":"https:\/\/www.gmsrhen.de\/index.php?rest_route=\/wp\/v2\/pages"}],"about":[{"href":"https:\/\/www.gmsrhen.de\/index.php?rest_route=\/wp\/v2\/types\/page"}],"author":[{"embeddable":true,"href":"https:\/\/www.gmsrhen.de\/index.php?rest_route=\/wp\/v2\/users\/1"}],"replies":[{"embeddable":true,"href":"https:\/\/www.gmsrhen.de\/index.php?rest_route=%2Fwp%2Fv2%2Fcomments&post=787"}],"version-history":[{"count":9,"href":"https:\/\/www.gmsrhen.de\/index.php?rest_route=\/wp\/v2\/pages\/787\/revisions"}],"predecessor-version":[{"id":3082,"href":"https:\/\/www.gmsrhen.de\/index.php?rest_route=\/wp\/v2\/pages\/787\/revisions\/3082"}],"up":[{"embeddable":true,"href":"https:\/\/www.gmsrhen.de\/index.php?rest_route=\/wp\/v2\/pages\/96"}],"wp:attachment":[{"href":"https:\/\/www.gmsrhen.de\/index.php?rest_route=%2Fwp%2Fv2%2Fmedia&parent=787"}],"curies":[{"name":"wp","href":"https:\/\/api.w.org\/{rel}","templated":true}]}}