{"id":806,"date":"2015-02-01T23:12:56","date_gmt":"2015-02-01T21:12:56","guid":{"rendered":"http:\/\/gmsrhen.bplaced.net\/?page_id=806"},"modified":"2015-02-01T23:12:56","modified_gmt":"2015-02-01T21:12:56","slug":"verbraucherbildung","status":"publish","type":"page","link":"https:\/\/www.gmsrhen.de\/?page_id=806","title":{"rendered":"Verbraucherbildung"},"content":{"rendered":"<p style=\"text-align: justify;\">Die Sch\u00fclern lernen im Fach Verbraucherbildung ihr Essverhalten zu verstehen und zu gestalten. Es werden ihnen wirtschaftliche und \u00f6kologische Aspekte aufgezeigt, die sie bef\u00e4higen sollen, ihr Handeln bewusst zu gestalten. Sie kaufen f\u00fcr die Klassengemeinschaft die Zutaten f\u00fcr die Gerichte und m\u00fcssen mit dem Geld wirtschaften.<\/p>\n<p style=\"text-align: justify;\">\n<p style=\"text-align: justify;\">In der Klassenstufe 5 lernen die Sch\u00fcler die K\u00fcche und die vielf\u00e4ltigen Ger\u00e4tschaften sowie deren Anwendung kennen. Richtiges Abwaschen und die Hygiene geh\u00f6ren selbstverst\u00e4ndlich dazu.<\/p>\n<p style=\"text-align: justify;\">Die Sch\u00fcler lernen die Ern\u00e4hrungspyramide kennen und k\u00f6nnen damit ihr eigenes Essverhalten \u00fcberpr\u00fcfen und ggf. ver\u00e4ndern.<\/p>\n<p style=\"text-align: justify;\">Im Vordergrund steht aber die Zubereitung von\u00a0 einfachen Gerichten. Das gemeinsame Essen der zubereiteten Speisen ist auch ein Mittel der Kommunikation und hat eine gro\u00dfe soziale Bedeutung.<\/p>\n<p style=\"text-align: right;\"><em>Fachleitung Verbraucherbildung<\/em><\/p>\n","protected":false},"excerpt":{"rendered":"<p>Die Sch\u00fclern lernen im Fach Verbraucherbildung ihr Essverhalten zu verstehen und zu gestalten. Es werden ihnen wirtschaftliche und \u00f6kologische Aspekte aufgezeigt, die sie bef\u00e4higen sollen, ihr Handeln bewusst zu gestalten. Sie kaufen f\u00fcr die Klassengemeinschaft die Zutaten f\u00fcr die Gerichte und m\u00fcssen mit dem Geld wirtschaften. In der Klassenstufe 5 lernen die Sch\u00fcler die K\u00fcche [&hellip;]<\/p>\n","protected":false},"author":1,"featured_media":0,"parent":96,"menu_order":0,"comment_status":"closed","ping_status":"closed","template":"","meta":{"footnotes":""},"class_list":["post-806","page","type-page","status-publish","hentry"],"_links":{"self":[{"href":"https:\/\/www.gmsrhen.de\/index.php?rest_route=\/wp\/v2\/pages\/806","targetHints":{"allow":["GET"]}}],"collection":[{"href":"https:\/\/www.gmsrhen.de\/index.php?rest_route=\/wp\/v2\/pages"}],"about":[{"href":"https:\/\/www.gmsrhen.de\/index.php?rest_route=\/wp\/v2\/types\/page"}],"author":[{"embeddable":true,"href":"https:\/\/www.gmsrhen.de\/index.php?rest_route=\/wp\/v2\/users\/1"}],"replies":[{"embeddable":true,"href":"https:\/\/www.gmsrhen.de\/index.php?rest_route=%2Fwp%2Fv2%2Fcomments&post=806"}],"version-history":[{"count":1,"href":"https:\/\/www.gmsrhen.de\/index.php?rest_route=\/wp\/v2\/pages\/806\/revisions"}],"predecessor-version":[{"id":807,"href":"https:\/\/www.gmsrhen.de\/index.php?rest_route=\/wp\/v2\/pages\/806\/revisions\/807"}],"up":[{"embeddable":true,"href":"https:\/\/www.gmsrhen.de\/index.php?rest_route=\/wp\/v2\/pages\/96"}],"wp:attachment":[{"href":"https:\/\/www.gmsrhen.de\/index.php?rest_route=%2Fwp%2Fv2%2Fmedia&parent=806"}],"curies":[{"name":"wp","href":"https:\/\/api.w.org\/{rel}","templated":true}]}}