{"id":831,"date":"2015-02-12T07:38:27","date_gmt":"2015-02-12T05:38:27","guid":{"rendered":"http:\/\/gmsrhen.bplaced.net\/?page_id=831"},"modified":"2026-02-03T10:49:21","modified_gmt":"2026-02-03T09:49:21","slug":"downloads","status":"publish","type":"page","link":"https:\/\/www.gmsrhen.de\/?page_id=831","title":{"rendered":"Downloads"},"content":{"rendered":"<p>Liebe Eltern,<\/p>\n<p>auf dieser Seite finden Sie verschiedene Informationen und Formulare, die w\u00e4hrend der Schulzeit auf der Gemeinschaftsschule Rhen f\u00fcr Ihre Kinder wichtig sind.<\/p>\n<p><strong><em>Schulordnung<\/em><\/strong><\/p>\n<p><a href=\"https:\/\/www.gmsrhen.de\/wp-content\/uploads\/2023\/09\/Schulordnung.pdf\">Schulordnung<\/a><\/p>\n<p><a href=\"https:\/\/www.gmsrhen.de\/wp-content\/uploads\/2023\/09\/Schulordnung.-Erklaerung-zum-Verhalten.pdf\">Schulordnung. Erkl\u00e4rung zum Verhalten<\/a><\/p>\n<p><strong><em>Busfahrkarte<\/em><\/strong><\/p>\n<p style=\"text-align: justify;\">F\u00fcr die Antragstellung einer Busfahrkarte steht die Webseite <a href=\"http:\/\/www.ticket-olav.de\">www.ticket-olav.de<\/a> zur Verf\u00fcgung. Dort k\u00f6nnen Sch\u00fclerfahrkarten mit wenigen Klicks beantragt werden. Bitte beachten Sie, dass Voraussetzungen f\u00fcr eine Sch\u00fclerfahrkarte erf\u00fcllt sein m\u00fcssen: ein Wohnsitz im Kreis Segeberg und ein Schulweg (einfache Entfernung) von mehr als 2 km (Klasse 1-5) bzw. mehr als 4 km (Klasse 6-10) zur n\u00e4chstgelegenen Schule der gew\u00fcnschten\u00a0Schulart. Nicht berechtigt sind Schulkinder, die im Schulort wohnen. Eltern, deren Kinder die Voraussetzungen erf\u00fcllen, sollten den Online-Antrag rechtzeitig ausf\u00fcllen. Nur wer rechtzeitig einen Antrag stellt, kann sicher sein, dass die Sch\u00fclerfahrkarte zum Beginn des neuen Schuljahres auch da ist. F\u00fcr die Beantragung ben\u00f6tigen Sie ein digitales Passfoto (es muss <span style=\"text-decoration: underline;\">nicht<\/span> biometrisch sein) und ein Internetf\u00e4higes Endger\u00e4t (z.B. Ihr Smartphone).<\/p>\n<p><em><strong>Einschulung<\/strong> (<a title=\"Termine\" href=\"https:\/\/www.gmsrhen.de\/?page_id=1723\">Termine<\/a>)<br \/><\/em><\/p>\n<p><a href=\"https:\/\/www.gmsrhen.de\/wp-content\/uploads\/2015\/02\/Sch\u00fcleraufnahmebogen.pdf\">Sch\u00fcleraufnahmebogen<\/a><\/p>\n<p><a href=\"https:\/\/www.gmsrhen.de\/wp-content\/uploads\/2026\/02\/2026_02_-Anmeldezeiten_-A4-Masernschutz.pdf\">Anmeldung 2026<\/a><\/p>\n<p><a href=\"https:\/\/www.gmsrhen.de\/wp-content\/uploads\/2025\/01\/2025_01_14_Anmeldezeiten-5.-Kl._SJ-25_26.pdf\">Aufnahmekriterien_GMS_Rhen<\/a><\/p>\n<p>Bitte bringen Sie zur Anmeldung ebenfalls folgende Unterlagen mit<\/p>\n<p><i>&#8211; den Anmeldeschein &#8211; SEK I (Diesen Schein erhalten Sie von der Grundschule.)<\/i><\/p>\n<p><em>&#8211; Entwicklungsbericht\/ Schul\u00fcbergangsempfehlung sowie der Lernplan der GS<\/em><br \/><em>\u00a0 (falls erstellt) zum \u00dcbergang an weiterf\u00fchrende Schulen<\/em><\/p>\n<p>&#8211; Sch\u00fcleraufnahmebogen\/Antrag auf Schulaufnahme (Link Downloads auf unserer Homepage)<\/p>\n<p><i>&#8211; die Geburtsurkunde des Kindes &#8211; Original zur Einsicht und Kopie<br \/><\/i><\/p>\n<p><i>&#8211; ggf. die Sorgerechtsbescheinigung &#8211; Original zur Einsicht und Kopie<br \/><\/i><\/p>\n<p><i>&#8211; ggf. die Einverst\u00e4ndniserkl\u00e4rung des zweiten Sorgeberechtigten<\/i><\/p>\n<p><i>&#8211; das letzte Zeugnis (4. Klasse, 1. Halbjahr) <i>&#8211; Original zur Einsicht und Kopie<\/i><\/i><\/p>\n<p><i>&#8211; ein Passfoto des Kindes<\/i><\/p>\n<p><em>&#8211; ggf. Schwimmausweis Bronze (eine Kopie)<\/em><\/p>\n<p>&#8211; Wir sind laut Masernschutzgesetz verpflichtet den Masernschutz der Sch\u00fclerinnen und Sch\u00fcler zu \u00fcberpr\u00fcfen. Bitte bringen Sie zur Schulanmeldung Ihres Kindes einen <b>Nachweis<\/b> mit, dass bei Ihrem Kind <b><span style=\"text-decoration: underline;\">Masernschutz besteht.<\/span><\/b><\/p>\n<p><em><strong>Daten\u00e4nderung<\/strong> von Sch\u00fclerinnen, Sch\u00fclern und Eltern<br \/><\/em><\/p>\n<p><a href=\"https:\/\/www.gmsrhen.de\/wp-content\/uploads\/2015\/02\/\u00c4nderungsmitteilung_GMSRhen.pdf\">\u00c4nderungsmitteilung_GMSRhen<\/a><\/p>\n<p><strong><em>F\u00f6rderverein<\/em><\/strong><\/p>\n<p><a href=\"https:\/\/www.gmsrhen.de\/wp-content\/uploads\/2025\/03\/Beitrittserklaerung.pdf\">Beitrittserkl\u00e4rung<\/a><\/p>\n<p><strong><em>Gesundheit<\/em><\/strong><\/p>\n<p><a href=\"https:\/\/www.gmsrhen.de\/wp-content\/uploads\/2015\/02\/Infektionsschutzgesetz-ElternInfo.pdf\">Infektionsschutzgesetz ElternInfo<\/a><\/p>\n<p><a href=\"https:\/\/www.gmsrhen.de\/wp-content\/uploads\/2015\/02\/Kopfl\u00e4use-was-tun-Elternbrief.pdf\">Kopfl\u00e4use was tun Elternbrief<\/a><\/p>\n<p><strong><em>Betriebspraktikum<\/em><\/strong><\/p>\n<p><a href=\"https:\/\/www.gmsrhen.de\/wp-content\/uploads\/2011\/01\/BetriebspraktikumBegleitschreiben.pdf\">BetriebspraktikumBegleitschreiben<\/a><\/p>\n<p><a href=\"https:\/\/www.gmsrhen.de\/wp-content\/uploads\/2011\/01\/BetriebspraktikumKontaktFirma.pdf\">BetriebspraktikumKontaktFirma<\/a><\/p>\n<p><a href=\"https:\/\/www.gmsrhen.de\/wp-content\/uploads\/2011\/01\/BetriebspraktikumEltern.pdf\">BetriebspraktikumEltern<\/a><\/p>\n\n\n<p><\/p>\n","protected":false},"excerpt":{"rendered":"<p>Liebe Eltern, auf dieser Seite finden Sie verschiedene Informationen und Formulare, die w\u00e4hrend der Schulzeit auf der Gemeinschaftsschule Rhen f\u00fcr Ihre Kinder wichtig sind. Schulordnung Schulordnung Schulordnung. Erkl\u00e4rung zum Verhalten Busfahrkarte F\u00fcr die Antragstellung einer Busfahrkarte steht die Webseite www.ticket-olav.de zur Verf\u00fcgung. Dort k\u00f6nnen Sch\u00fclerfahrkarten mit wenigen Klicks beantragt werden. Bitte beachten Sie, dass Voraussetzungen [&hellip;]<\/p>\n","protected":false},"author":1,"featured_media":0,"parent":0,"menu_order":0,"comment_status":"closed","ping_status":"closed","template":"","meta":{"footnotes":""},"class_list":["post-831","page","type-page","status-publish","hentry"],"_links":{"self":[{"href":"https:\/\/www.gmsrhen.de\/index.php?rest_route=\/wp\/v2\/pages\/831","targetHints":{"allow":["GET"]}}],"collection":[{"href":"https:\/\/www.gmsrhen.de\/index.php?rest_route=\/wp\/v2\/pages"}],"about":[{"href":"https:\/\/www.gmsrhen.de\/index.php?rest_route=\/wp\/v2\/types\/page"}],"author":[{"embeddable":true,"href":"https:\/\/www.gmsrhen.de\/index.php?rest_route=\/wp\/v2\/users\/1"}],"replies":[{"embeddable":true,"href":"https:\/\/www.gmsrhen.de\/index.php?rest_route=%2Fwp%2Fv2%2Fcomments&post=831"}],"version-history":[{"count":61,"href":"https:\/\/www.gmsrhen.de\/index.php?rest_route=\/wp\/v2\/pages\/831\/revisions"}],"predecessor-version":[{"id":3087,"href":"https:\/\/www.gmsrhen.de\/index.php?rest_route=\/wp\/v2\/pages\/831\/revisions\/3087"}],"wp:attachment":[{"href":"https:\/\/www.gmsrhen.de\/index.php?rest_route=%2Fwp%2Fv2%2Fmedia&parent=831"}],"curies":[{"name":"wp","href":"https:\/\/api.w.org\/{rel}","templated":true}]}}