{"id":848,"date":"2015-02-15T22:45:59","date_gmt":"2015-02-15T20:45:59","guid":{"rendered":"http:\/\/gmsrhen.bplaced.net\/?page_id=848"},"modified":"2019-10-19T15:28:03","modified_gmt":"2019-10-19T13:28:03","slug":"los-lernen-ohne-storungen","status":"publish","type":"page","link":"https:\/\/www.gmsrhen.de\/?page_id=848","title":{"rendered":"LoS = Lernen ohne St\u00f6rungen"},"content":{"rendered":"<p style=\"text-align: justify;\">Konzept der GMS Rhen zum Umgang mit Unterrichtsst\u00f6rungen:<\/p>\n<p style=\"text-align: justify;\">Um den reibungslosen Unterrichtsablauf und das Recht auf Unterricht f\u00fcr alle zu gew\u00e4hrleisten, ist es wichtig, dass alle Klassenmitglieder sich an die Unterrichtsregeln halten. Der Umgang mit Unterrichtsst\u00f6rungen ist an unserer Schule durch folgende Ma\u00dfnahmen geregelt:<\/p>\n<p style=\"text-align: left;\"><strong>Ma\u00dfnahmen <\/strong>(G\u00fcltig ab 01.11.2019)<\/p>\n<p style=\"text-align: justify;\">Bearbeitung von Extraaufgaben, die vom Fachlehrer gestellt werden. Abgabe der erledigten Aufgaben (mit Unterschrift der Sorgeberechtigten) beim Fachlehrer am n\u00e4chsten Tag.<\/p>\n<p style=\"text-align: left;\"><strong>oder<\/strong><\/p>\n<p style=\"text-align: justify;\">Bearbeitung von p\u00e4dagogischen Texten in der Schule nach dem Unterricht unter Aufsicht (LoS- Stunde). Der Termin wird mindestens einen Tag vorher mitgeteilt.<br \/>\nSchulische Ma\u00dfnahmen haben vor der Teilnahme am Offenen Ganztag Vorrang.<br \/>\nErscheint der Sch\u00fcler! die Sch\u00fclerin unentschuldigt nicht zur vereinbarten LoS-Stunde,<br \/>\nwird dies (schriftlich) missbilligt und ein neuer LoS-Termin vereinbart.<\/p>\n","protected":false},"excerpt":{"rendered":"<p>Konzept der GMS Rhen zum Umgang mit Unterrichtsst\u00f6rungen: Um den reibungslosen Unterrichtsablauf und das Recht auf Unterricht f\u00fcr alle zu gew\u00e4hrleisten, ist es wichtig, dass alle Klassenmitglieder sich an die Unterrichtsregeln halten. Der Umgang mit Unterrichtsst\u00f6rungen ist an unserer Schule durch folgende Ma\u00dfnahmen geregelt: Ma\u00dfnahmen (G\u00fcltig ab 01.11.2019) Bearbeitung von Extraaufgaben, die vom Fachlehrer gestellt [&hellip;]<\/p>\n","protected":false},"author":1,"featured_media":0,"parent":103,"menu_order":0,"comment_status":"closed","ping_status":"closed","template":"","meta":{"footnotes":""},"class_list":["post-848","page","type-page","status-publish","hentry"],"_links":{"self":[{"href":"https:\/\/www.gmsrhen.de\/index.php?rest_route=\/wp\/v2\/pages\/848","targetHints":{"allow":["GET"]}}],"collection":[{"href":"https:\/\/www.gmsrhen.de\/index.php?rest_route=\/wp\/v2\/pages"}],"about":[{"href":"https:\/\/www.gmsrhen.de\/index.php?rest_route=\/wp\/v2\/types\/page"}],"author":[{"embeddable":true,"href":"https:\/\/www.gmsrhen.de\/index.php?rest_route=\/wp\/v2\/users\/1"}],"replies":[{"embeddable":true,"href":"https:\/\/www.gmsrhen.de\/index.php?rest_route=%2Fwp%2Fv2%2Fcomments&post=848"}],"version-history":[{"count":6,"href":"https:\/\/www.gmsrhen.de\/index.php?rest_route=\/wp\/v2\/pages\/848\/revisions"}],"predecessor-version":[{"id":1646,"href":"https:\/\/www.gmsrhen.de\/index.php?rest_route=\/wp\/v2\/pages\/848\/revisions\/1646"}],"up":[{"embeddable":true,"href":"https:\/\/www.gmsrhen.de\/index.php?rest_route=\/wp\/v2\/pages\/103"}],"wp:attachment":[{"href":"https:\/\/www.gmsrhen.de\/index.php?rest_route=%2Fwp%2Fv2%2Fmedia&parent=848"}],"curies":[{"name":"wp","href":"https:\/\/api.w.org\/{rel}","templated":true}]}}